{"id":8351,"date":"2023-12-13T17:23:06","date_gmt":"2023-12-13T15:23:06","guid":{"rendered":"https:\/\/merac.es\/?page_id=8351"},"modified":"2024-04-10T17:28:59","modified_gmt":"2024-04-10T15:28:59","slug":"tramitacion-de-compraventa-de-empresas-en-marbella","status":"publish","type":"page","link":"https:\/\/merac.es\/en\/tramitacion-de-compraventa-de-empresas-en-marbella\/","title":{"rendered":"Tramitaci\u00f3n de compraventa de empresas en Marbella"},"content":{"rendered":"<p>Si buscas<strong> tramitaci\u00f3n de compraventa de empresas en Marbella,<\/strong>\u00a0los profesionales de\u00a0<strong>MERAC \u2013 Legal &amp; Tax Lawyers<\/strong>\u00a0te ayudan a encontrar tu mejor soluci\u00f3n.<\/p>\n<p><strong>MERAC \u2013 Legal &amp; Tax Lawyers\u00a0<\/strong>es un despacho multidisciplinar que cuenta con abogados y asesores fiscales en M\u00e1laga. Caracterizados por su dinamismo, integridad profesional y excelencia en la calidad de sus servicios, cuentan con un equipo de profesionales con m\u00e1s de 10 a\u00f1os de experiencia, ofreciendo asesoramiento personalizado para clientes nacionales e internacionales en las \u00e1reas de:<\/p>\n<div id=\"productoDescripcion\">\n<ul>\n<li><b>Asesoramiento fiscal avanzado:\u00a0<\/b>cuentan con una dilatada experiencia en asesoramiento tributario tanto en el \u00e1mbito nacional como internacional.<\/li>\n<li><b>Derecho de Sucesiones y Donaciones:<\/b>\u00a0comprehensive advice to companies from the beginning of their corporate life to their extinction<\/li>\n<li><b>Derecho de Extranjer\u00eda:\u00a0<\/b>\u00a0realizan la gesti\u00f3n y tramitaci\u00f3n de todos los aspectos legales y administrativos relacionados con los\u00a0expedientes y permisos de extranjer\u00eda y nacionalidad.<\/li>\n<li><b>Derecho Bancario:<\/b>\u00a0asesoramiento en litigios derivados de las aplicaciones de cl\u00e1usulas abusivas y de contratos de todo tipo de productos financieros.<\/li>\n<li><b>Compliance:\u00a0<\/b>preparaci\u00f3n de programas y pol\u00edticas de compliance corporativo para empresas.<\/li>\n<li><b>y m\u00e1s\u2026<\/b><\/li>\n<\/ul>\n<p>Para m\u00e1s informaci\u00f3n sobre<strong>\u00a0abogados especializados en derecho mercantil y societario en M\u00e1laga capital<\/strong>, no dudes en\u00a0<strong>contactar con<\/strong>\u00a0<strong>MERAC \u2013 Legal &amp; Tax Lawyers,\u00a0<\/strong>su equipo de profesionales estar\u00e1 encantado de atenderle de forma personalizada.<\/p>\n<\/div>","protected":false},"excerpt":{"rendered":"<p>Si buscas tramitaci\u00f3n de compraventa de empresas en Marbella,\u00a0los profesionales de\u00a0MERAC \u2013 Legal &amp; Tax Lawyers\u00a0te ayudan a encontrar tu mejor soluci\u00f3n. MERAC \u2013 Legal &amp; Tax Lawyers\u00a0es un despacho multidisciplinar que cuenta con abogados y asesores fiscales en M\u00e1laga. Caracterizados por su dinamismo, integridad profesional y excelencia en la calidad de sus servicios, cuentan [&hellip;]<\/p>","protected":false},"author":4,"featured_media":0,"parent":0,"menu_order":0,"comment_status":"closed","ping_status":"closed","template":"","meta":{"footnotes":""},"yoast_head":"<!-- This site is optimized with the Yoast SEO plugin v21.6 - https:\/\/yoast.com\/wordpress\/plugins\/seo\/ -->\n<title>Tramitaci\u00f3n de compraventa de empresas en Marbella | MERAC Legal &amp; Tax Lawyers<\/title>\n<meta name=\"robots\" content=\"index, follow, max-snippet:-1, max-image-preview:large, max-video-preview:-1\" \/>\n<link rel=\"canonical\" href=\"https:\/\/merac.es\/en\/tramitacion-de-compraventa-de-empresas-en-marbella\/\" \/>\n<meta property=\"og:locale\" content=\"en_GB\" \/>\n<meta property=\"og:type\" content=\"article\" \/>\n<meta property=\"og:title\" content=\"Tramitaci\u00f3n de compraventa de empresas en Marbella | MERAC Legal &amp; Tax Lawyers\" \/>\n<meta property=\"og:description\" content=\"Si buscas tramitaci\u00f3n de compraventa de empresas en Marbella,\u00a0los profesionales de\u00a0MERAC \u2013 Legal &amp; Tax Lawyers\u00a0te ayudan a encontrar tu mejor soluci\u00f3n. MERAC \u2013 Legal &amp; Tax Lawyers\u00a0es un despacho multidisciplinar que cuenta con abogados y asesores fiscales en M\u00e1laga. Caracterizados por su dinamismo, integridad profesional y excelencia en la calidad de sus servicios, cuentan [&hellip;]\" \/>\n<meta property=\"og:url\" content=\"https:\/\/merac.es\/en\/tramitacion-de-compraventa-de-empresas-en-marbella\/\" \/>\n<meta property=\"og:site_name\" content=\"MERAC Legal &amp; Tax Lawyers\" \/>\n<meta property=\"article:modified_time\" content=\"2024-04-10T15:28:59+00:00\" \/>\n<meta name=\"twitter:card\" content=\"summary_large_image\" \/>\n<meta name=\"twitter:label1\" content=\"Estimated reading time\" \/>\n\t<meta name=\"twitter:data1\" content=\"1 minute\" \/>\n<script type=\"application\/ld+json\" class=\"yoast-schema-graph\">{\"@context\":\"https:\/\/schema.org\",\"@graph\":[{\"@type\":\"WebPage\",\"@id\":\"https:\/\/merac.es\/tramitacion-de-compraventa-de-empresas-en-marbella\/\",\"url\":\"https:\/\/merac.es\/tramitacion-de-compraventa-de-empresas-en-marbella\/\",\"name\":\"Tramitaci\u00f3n de compraventa de empresas en Marbella | MERAC Legal &amp; Tax Lawyers\",\"isPartOf\":{\"@id\":\"https:\/\/merac.es\/#website\"},\"datePublished\":\"2023-12-13T15:23:06+00:00\",\"dateModified\":\"2024-04-10T15:28:59+00:00\",\"breadcrumb\":{\"@id\":\"https:\/\/merac.es\/tramitacion-de-compraventa-de-empresas-en-marbella\/#breadcrumb\"},\"inLanguage\":\"en-GB\",\"potentialAction\":[{\"@type\":\"ReadAction\",\"target\":[\"https:\/\/merac.es\/tramitacion-de-compraventa-de-empresas-en-marbella\/\"]}]},{\"@type\":\"BreadcrumbList\",\"@id\":\"https:\/\/merac.es\/tramitacion-de-compraventa-de-empresas-en-marbella\/#breadcrumb\",\"itemListElement\":[{\"@type\":\"ListItem\",\"position\":1,\"name\":\"Portada\",\"item\":\"https:\/\/merac.es\/\"},{\"@type\":\"ListItem\",\"position\":2,\"name\":\"Tramitaci\u00f3n de compraventa de empresas en Marbella\"}]},{\"@type\":\"WebSite\",\"@id\":\"https:\/\/merac.es\/#website\",\"url\":\"https:\/\/merac.es\/\",\"name\":\"MERAC Legal &amp; Tax Lawyers\",\"description\":\"Abogados - Asesores tributarios y fiscales en M\u00e1laga\",\"publisher\":{\"@id\":\"https:\/\/merac.es\/#organization\"},\"potentialAction\":[{\"@type\":\"SearchAction\",\"target\":{\"@type\":\"EntryPoint\",\"urlTemplate\":\"https:\/\/merac.es\/?s={search_term_string}\"},\"query-input\":\"required name=search_term_string\"}],\"inLanguage\":\"en-GB\"},{\"@type\":\"Organization\",\"@id\":\"https:\/\/merac.es\/#organization\",\"name\":\"MERAC Legal &amp; Tax Lawyers\",\"url\":\"https:\/\/merac.es\/\",\"logo\":{\"@type\":\"ImageObject\",\"inLanguage\":\"en-GB\",\"@id\":\"https:\/\/merac.es\/#\/schema\/logo\/image\/\",\"url\":\"https:\/\/merac.es\/wp-content\/uploads\/2022\/03\/merac-logo-v2.svg\",\"contentUrl\":\"https:\/\/merac.es\/wp-content\/uploads\/2022\/03\/merac-logo-v2.svg\",\"width\":451.5,\"height\":315.1,\"caption\":\"MERAC Legal &amp; Tax Lawyers\"},\"image\":{\"@id\":\"https:\/\/merac.es\/#\/schema\/logo\/image\/\"}}]}<\/script>\n<!-- \/ Yoast SEO plugin. -->","yoast_head_json":{"title":"Tramitaci\u00f3n de compraventa de empresas en Marbella | MERAC Legal &amp; Tax Lawyers","robots":{"index":"index","follow":"follow","max-snippet":"max-snippet:-1","max-image-preview":"max-image-preview:large","max-video-preview":"max-video-preview:-1"},"canonical":"https:\/\/merac.es\/en\/tramitacion-de-compraventa-de-empresas-en-marbella\/","og_locale":"en_GB","og_type":"article","og_title":"Tramitaci\u00f3n de compraventa de empresas en Marbella | MERAC Legal &amp; Tax Lawyers","og_description":"Si buscas tramitaci\u00f3n de compraventa de empresas en Marbella,\u00a0los profesionales de\u00a0MERAC \u2013 Legal &amp; Tax Lawyers\u00a0te ayudan a encontrar tu mejor soluci\u00f3n. MERAC \u2013 Legal &amp; Tax Lawyers\u00a0es un despacho multidisciplinar que cuenta con abogados y asesores fiscales en M\u00e1laga. Caracterizados por su dinamismo, integridad profesional y excelencia en la calidad de sus servicios, cuentan [&hellip;]","og_url":"https:\/\/merac.es\/en\/tramitacion-de-compraventa-de-empresas-en-marbella\/","og_site_name":"MERAC Legal &amp; Tax Lawyers","article_modified_time":"2024-04-10T15:28:59+00:00","twitter_card":"summary_large_image","twitter_misc":{"Estimated reading time":"1 minute"},"schema":{"@context":"https:\/\/schema.org","@graph":[{"@type":"WebPage","@id":"https:\/\/merac.es\/tramitacion-de-compraventa-de-empresas-en-marbella\/","url":"https:\/\/merac.es\/tramitacion-de-compraventa-de-empresas-en-marbella\/","name":"Tramitaci\u00f3n de compraventa de empresas en Marbella | MERAC Legal &amp; Tax Lawyers","isPartOf":{"@id":"https:\/\/merac.es\/#website"},"datePublished":"2023-12-13T15:23:06+00:00","dateModified":"2024-04-10T15:28:59+00:00","breadcrumb":{"@id":"https:\/\/merac.es\/tramitacion-de-compraventa-de-empresas-en-marbella\/#breadcrumb"},"inLanguage":"en-GB","potentialAction":[{"@type":"ReadAction","target":["https:\/\/merac.es\/tramitacion-de-compraventa-de-empresas-en-marbella\/"]}]},{"@type":"BreadcrumbList","@id":"https:\/\/merac.es\/tramitacion-de-compraventa-de-empresas-en-marbella\/#breadcrumb","itemListElement":[{"@type":"ListItem","position":1,"name":"Portada","item":"https:\/\/merac.es\/"},{"@type":"ListItem","position":2,"name":"Tramitaci\u00f3n de compraventa de empresas en Marbella"}]},{"@type":"WebSite","@id":"https:\/\/merac.es\/#website","url":"https:\/\/merac.es\/","name":"MERAC Legal &amp; Tax Lawyers","description":"Abogados - Asesores tributarios y fiscales en M\u00e1laga","publisher":{"@id":"https:\/\/merac.es\/#organization"},"potentialAction":[{"@type":"SearchAction","target":{"@type":"EntryPoint","urlTemplate":"https:\/\/merac.es\/?s={search_term_string}"},"query-input":"required name=search_term_string"}],"inLanguage":"en-GB"},{"@type":"Organization","@id":"https:\/\/merac.es\/#organization","name":"MERAC Legal &amp; Tax Lawyers","url":"https:\/\/merac.es\/","logo":{"@type":"ImageObject","inLanguage":"en-GB","@id":"https:\/\/merac.es\/#\/schema\/logo\/image\/","url":"https:\/\/merac.es\/wp-content\/uploads\/2022\/03\/merac-logo-v2.svg","contentUrl":"https:\/\/merac.es\/wp-content\/uploads\/2022\/03\/merac-logo-v2.svg","width":451.5,"height":315.1,"caption":"MERAC Legal &amp; Tax Lawyers"},"image":{"@id":"https:\/\/merac.es\/#\/schema\/logo\/image\/"}}]}},"_links":{"self":[{"href":"https:\/\/merac.es\/en\/wp-json\/wp\/v2\/pages\/8351"}],"collection":[{"href":"https:\/\/merac.es\/en\/wp-json\/wp\/v2\/pages"}],"about":[{"href":"https:\/\/merac.es\/en\/wp-json\/wp\/v2\/types\/page"}],"author":[{"embeddable":true,"href":"https:\/\/merac.es\/en\/wp-json\/wp\/v2\/users\/4"}],"replies":[{"embeddable":true,"href":"https:\/\/merac.es\/en\/wp-json\/wp\/v2\/comments?post=8351"}],"version-history":[{"count":3,"href":"https:\/\/merac.es\/en\/wp-json\/wp\/v2\/pages\/8351\/revisions"}],"predecessor-version":[{"id":8497,"href":"https:\/\/merac.es\/en\/wp-json\/wp\/v2\/pages\/8351\/revisions\/8497"}],"wp:attachment":[{"href":"https:\/\/merac.es\/en\/wp-json\/wp\/v2\/media?parent=8351"}],"curies":[{"name":"wp","href":"https:\/\/api.w.org\/{rel}","templated":true}]}}