{"id":8206,"date":"2022-06-22T12:02:44","date_gmt":"2022-06-22T10:02:44","guid":{"rendered":"https:\/\/merac.es\/?page_id=8206"},"modified":"2024-04-10T17:27:20","modified_gmt":"2024-04-10T15:27:20","slug":"asesoramiento-fiscal","status":"publish","type":"page","link":"https:\/\/merac.es\/en\/asesoramiento-fiscal\/","title":{"rendered":"Tax advice"},"content":{"rendered":"<p>Si buscas <strong>asesoramiento fiscal<\/strong>, los profesionales de <strong>MERAC \u2013 Legal &amp; Tax Lawyers<\/strong> te ayudan a encontrar tu mejor soluci\u00f3n.<\/p>\n<p><strong>MERAC \u2013 Legal &amp; Tax Lawyers\u00a0<\/strong>es un despacho multidisciplinar que cuenta con abogados y asesores fiscales en M\u00e1laga. Caracterizados por su dinamismo, integridad profesional y excelencia en la calidad de sus servicios, cuentan con un equipo de profesionales con m\u00e1s de 10 a\u00f1os de experiencia, ofreciendo asesoramiento personalizado para clientes nacionales e internacionales en las \u00e1reas de:<\/p>\n<div id=\"productoDescripcion\">\n<ul>\n<li><b>Asesoramiento fiscal avanzado:\u00a0<\/b>cuentan con una dilatada experiencia en asesoramiento tributario tanto en el \u00e1mbito nacional como internacional.<\/li>\n<li><b>Derecho de Sucesiones y Donaciones:<\/b> comprehensive advice to companies from the beginning of their corporate life to their extinction<\/li>\n<li><b>Derecho de Extranjer\u00eda:\u00a0<\/b> realizan la gesti\u00f3n y tramitaci\u00f3n de todos los aspectos legales y administrativos relacionados con los\u00a0expedientes y permisos de extranjer\u00eda y nacionalidad.<\/li>\n<li><b>Derecho Bancario:<\/b> asesoramiento en litigios derivados de las aplicaciones de cl\u00e1usulas abusivas y de contratos de todo tipo de productos financieros.<\/li>\n<li><b>Compliance: <\/b>preparaci\u00f3n de programas y pol\u00edticas de compliance corporativo para empresas.<\/li>\n<li><b>y m\u00e1s&#8230;<\/b><\/li>\n<\/ul>\n<p>Para m\u00e1s informaci\u00f3n sobre<strong> asesoramiento fiscal<\/strong>, no dudes en <strong>contactar con<\/strong> <strong>MERAC \u2013 Legal &amp; Tax Lawyers,\u00a0<\/strong>su equipo de profesionales estar\u00e1 encantado de atenderle de forma personalizada.<\/p>\n<p>Otros servicios:<\/p>\n<ul dir=\"auto\" type=\"disc\">\n<li><strong>Abogado especializado en asesoramiento fiscal para empresas en M\u00e1laga\u00a0<\/strong><\/li>\n<li><strong>Abogado especialista en recursos tributarios en M\u00e1laga<\/strong><\/li>\n<li><strong>Abogado especialista en recursos tributarios en Churriana<\/strong><\/li>\n<li><strong>Abogado especializado en asesoramiento fiscal para particulares en M\u00e1laga\u00a0<\/strong><\/li>\n<li><strong>Bufete de abogados especialista en \u00a0operaciones de reestructuraci\u00f3n en M\u00e1laga capital\u00a0<\/strong><\/li>\n<li><strong>\u00a0Bufete de abogados especialista en \u00a0operaciones de reestructuraci\u00f3n en M\u00e1laga\u00a0<\/strong><\/li>\n<li><strong>Informaci\u00f3n para hacer Fusiones y adquisiciones (M&amp;A) en M\u00e1laga<u><\/u><u><\/u><\/strong><\/li>\n<li><strong>Abogados especializados en derecho mercantil y societario en M\u00e1laga\u00a0<\/strong><\/li>\n<li><strong>Abogados especializados en derecho mercantil y societario en M\u00e1laga capital<\/strong><\/li>\n<li><strong>Abogados especializados en derecho mercantil y societario en Marbella<\/strong><\/li>\n<li><strong>Bufete de abogados especialista en asesoramiento fiscal internacional en M\u00e1laga<\/strong><\/li>\n<li><strong>Asesoramiento en planificaci\u00f3n fiscal en M\u00e1laga capital<\/strong><\/li>\n<li><strong>Derivaci\u00f3n responsabilidad hacienda en M\u00e1laga<\/strong><\/li>\n<li><strong>Asesoramiento para protocolo familiar en M\u00e1laga capital<\/strong><\/li>\n<li><strong>Asesoramiento para realizar pacto de socios en M\u00e1laga<\/strong><\/li>\n<li><strong>Abogados especializados en asesoramiento Startups en M\u00e1laga<\/strong><\/li>\n<li><strong>Tramitaci\u00f3n de compraventa de empresas en Marbella<\/strong><\/li>\n<li><strong>Asesoramiento para Holding Empresarial en Marbella<\/strong><\/li>\n<li><strong>Abogados especializados en liquidaci\u00f3n de empresas en Marbella M\u00e1laga<\/strong><\/li>\n<\/ul>\n<\/div>","protected":false},"excerpt":{"rendered":"<p>Si buscas asesoramiento fiscal, los profesionales de MERAC \u2013 Legal &amp; Tax Lawyers te ayudan a encontrar tu mejor soluci\u00f3n. MERAC \u2013 Legal &amp; Tax Lawyers\u00a0es un despacho multidisciplinar que cuenta con abogados y asesores fiscales en M\u00e1laga. Caracterizados por su dinamismo, integridad profesional y excelencia en la calidad de sus servicios, cuentan con un [&hellip;]<\/p>","protected":false},"author":4,"featured_media":8245,"parent":0,"menu_order":0,"comment_status":"closed","ping_status":"closed","template":"","meta":{"footnotes":""},"yoast_head":"<!-- This site is optimized with the Yoast SEO plugin v21.6 - https:\/\/yoast.com\/wordpress\/plugins\/seo\/ -->\n<title>Asesoramiento fiscal | MERAC Legal &amp; Tax Lawyers<\/title>\n<meta name=\"description\" content=\"Si buscas asesoramiento fiscal, los profesionales de MERAC \u2013 Legal &amp; Tax Lawyers te ayudan a encontrar tu mejor soluci\u00f3n.\" \/>\n<meta name=\"robots\" content=\"index, follow, max-snippet:-1, max-image-preview:large, max-video-preview:-1\" \/>\n<link rel=\"canonical\" href=\"https:\/\/merac.es\/en\/asesoramiento-fiscal\/\" \/>\n<meta property=\"og:locale\" content=\"en_GB\" \/>\n<meta property=\"og:type\" content=\"article\" \/>\n<meta property=\"og:title\" content=\"Asesoramiento fiscal | MERAC Legal &amp; Tax Lawyers\" \/>\n<meta property=\"og:description\" content=\"Si buscas asesoramiento fiscal, los profesionales de MERAC \u2013 Legal &amp; Tax Lawyers te ayudan a encontrar tu mejor soluci\u00f3n.\" \/>\n<meta property=\"og:url\" content=\"https:\/\/merac.es\/en\/asesoramiento-fiscal\/\" \/>\n<meta property=\"og:site_name\" content=\"MERAC Legal &amp; Tax Lawyers\" \/>\n<meta property=\"article:modified_time\" content=\"2024-04-10T15:27:20+00:00\" \/>\n<meta property=\"og:image\" content=\"https:\/\/merac.es\/wp-content\/uploads\/2022\/06\/New-Project-4.jpg\" \/>\n\t<meta property=\"og:image:width\" content=\"350\" \/>\n\t<meta property=\"og:image:height\" content=\"350\" \/>\n\t<meta property=\"og:image:type\" content=\"image\/jpeg\" \/>\n<meta name=\"twitter:card\" content=\"summary_large_image\" \/>\n<meta name=\"twitter:label1\" content=\"Estimated reading time\" \/>\n\t<meta name=\"twitter:data1\" content=\"2 minutes\" \/>\n<script type=\"application\/ld+json\" class=\"yoast-schema-graph\">{\"@context\":\"https:\/\/schema.org\",\"@graph\":[{\"@type\":\"WebPage\",\"@id\":\"https:\/\/merac.es\/asesoramiento-fiscal\/\",\"url\":\"https:\/\/merac.es\/asesoramiento-fiscal\/\",\"name\":\"Asesoramiento fiscal | MERAC Legal &amp; Tax Lawyers\",\"isPartOf\":{\"@id\":\"https:\/\/merac.es\/#website\"},\"datePublished\":\"2022-06-22T10:02:44+00:00\",\"dateModified\":\"2024-04-10T15:27:20+00:00\",\"description\":\"Si buscas asesoramiento fiscal, los profesionales de MERAC \u2013 Legal & Tax Lawyers te ayudan a encontrar tu mejor soluci\u00f3n.\",\"breadcrumb\":{\"@id\":\"https:\/\/merac.es\/asesoramiento-fiscal\/#breadcrumb\"},\"inLanguage\":\"en-GB\",\"potentialAction\":[{\"@type\":\"ReadAction\",\"target\":[\"https:\/\/merac.es\/asesoramiento-fiscal\/\"]}]},{\"@type\":\"BreadcrumbList\",\"@id\":\"https:\/\/merac.es\/asesoramiento-fiscal\/#breadcrumb\",\"itemListElement\":[{\"@type\":\"ListItem\",\"position\":1,\"name\":\"Portada\",\"item\":\"https:\/\/merac.es\/\"},{\"@type\":\"ListItem\",\"position\":2,\"name\":\"Asesoramiento fiscal\"}]},{\"@type\":\"WebSite\",\"@id\":\"https:\/\/merac.es\/#website\",\"url\":\"https:\/\/merac.es\/\",\"name\":\"MERAC Legal &amp; Tax Lawyers\",\"description\":\"Abogados - Asesores tributarios y fiscales en M\u00e1laga\",\"publisher\":{\"@id\":\"https:\/\/merac.es\/#organization\"},\"potentialAction\":[{\"@type\":\"SearchAction\",\"target\":{\"@type\":\"EntryPoint\",\"urlTemplate\":\"https:\/\/merac.es\/?s={search_term_string}\"},\"query-input\":\"required name=search_term_string\"}],\"inLanguage\":\"en-GB\"},{\"@type\":\"Organization\",\"@id\":\"https:\/\/merac.es\/#organization\",\"name\":\"MERAC Legal &amp; Tax Lawyers\",\"url\":\"https:\/\/merac.es\/\",\"logo\":{\"@type\":\"ImageObject\",\"inLanguage\":\"en-GB\",\"@id\":\"https:\/\/merac.es\/#\/schema\/logo\/image\/\",\"url\":\"https:\/\/merac.es\/wp-content\/uploads\/2022\/03\/merac-logo-v2.svg\",\"contentUrl\":\"https:\/\/merac.es\/wp-content\/uploads\/2022\/03\/merac-logo-v2.svg\",\"width\":451.5,\"height\":315.1,\"caption\":\"MERAC Legal &amp; Tax Lawyers\"},\"image\":{\"@id\":\"https:\/\/merac.es\/#\/schema\/logo\/image\/\"}}]}<\/script>\n<!-- \/ Yoast SEO plugin. -->","yoast_head_json":{"title":"Asesoramiento fiscal | MERAC Legal &amp; Tax Lawyers","description":"Si buscas asesoramiento fiscal, los profesionales de MERAC \u2013 Legal & Tax Lawyers te ayudan a encontrar tu mejor soluci\u00f3n.","robots":{"index":"index","follow":"follow","max-snippet":"max-snippet:-1","max-image-preview":"max-image-preview:large","max-video-preview":"max-video-preview:-1"},"canonical":"https:\/\/merac.es\/en\/asesoramiento-fiscal\/","og_locale":"en_GB","og_type":"article","og_title":"Asesoramiento fiscal | MERAC Legal &amp; Tax Lawyers","og_description":"Si buscas asesoramiento fiscal, los profesionales de MERAC \u2013 Legal & Tax Lawyers te ayudan a encontrar tu mejor soluci\u00f3n.","og_url":"https:\/\/merac.es\/en\/asesoramiento-fiscal\/","og_site_name":"MERAC Legal &amp; Tax Lawyers","article_modified_time":"2024-04-10T15:27:20+00:00","og_image":[{"width":350,"height":350,"url":"https:\/\/merac.es\/wp-content\/uploads\/2022\/06\/New-Project-4.jpg","type":"image\/jpeg"}],"twitter_card":"summary_large_image","twitter_misc":{"Estimated reading time":"2 minutes"},"schema":{"@context":"https:\/\/schema.org","@graph":[{"@type":"WebPage","@id":"https:\/\/merac.es\/asesoramiento-fiscal\/","url":"https:\/\/merac.es\/asesoramiento-fiscal\/","name":"Asesoramiento fiscal | MERAC Legal &amp; Tax Lawyers","isPartOf":{"@id":"https:\/\/merac.es\/#website"},"datePublished":"2022-06-22T10:02:44+00:00","dateModified":"2024-04-10T15:27:20+00:00","description":"Si buscas asesoramiento fiscal, los profesionales de MERAC \u2013 Legal & Tax Lawyers te ayudan a encontrar tu mejor soluci\u00f3n.","breadcrumb":{"@id":"https:\/\/merac.es\/asesoramiento-fiscal\/#breadcrumb"},"inLanguage":"en-GB","potentialAction":[{"@type":"ReadAction","target":["https:\/\/merac.es\/asesoramiento-fiscal\/"]}]},{"@type":"BreadcrumbList","@id":"https:\/\/merac.es\/asesoramiento-fiscal\/#breadcrumb","itemListElement":[{"@type":"ListItem","position":1,"name":"Portada","item":"https:\/\/merac.es\/"},{"@type":"ListItem","position":2,"name":"Asesoramiento fiscal"}]},{"@type":"WebSite","@id":"https:\/\/merac.es\/#website","url":"https:\/\/merac.es\/","name":"MERAC Legal &amp; Tax Lawyers","description":"Abogados - Asesores tributarios y fiscales en M\u00e1laga","publisher":{"@id":"https:\/\/merac.es\/#organization"},"potentialAction":[{"@type":"SearchAction","target":{"@type":"EntryPoint","urlTemplate":"https:\/\/merac.es\/?s={search_term_string}"},"query-input":"required name=search_term_string"}],"inLanguage":"en-GB"},{"@type":"Organization","@id":"https:\/\/merac.es\/#organization","name":"MERAC Legal &amp; Tax Lawyers","url":"https:\/\/merac.es\/","logo":{"@type":"ImageObject","inLanguage":"en-GB","@id":"https:\/\/merac.es\/#\/schema\/logo\/image\/","url":"https:\/\/merac.es\/wp-content\/uploads\/2022\/03\/merac-logo-v2.svg","contentUrl":"https:\/\/merac.es\/wp-content\/uploads\/2022\/03\/merac-logo-v2.svg","width":451.5,"height":315.1,"caption":"MERAC Legal &amp; Tax Lawyers"},"image":{"@id":"https:\/\/merac.es\/#\/schema\/logo\/image\/"}}]}},"_links":{"self":[{"href":"https:\/\/merac.es\/en\/wp-json\/wp\/v2\/pages\/8206"}],"collection":[{"href":"https:\/\/merac.es\/en\/wp-json\/wp\/v2\/pages"}],"about":[{"href":"https:\/\/merac.es\/en\/wp-json\/wp\/v2\/types\/page"}],"author":[{"embeddable":true,"href":"https:\/\/merac.es\/en\/wp-json\/wp\/v2\/users\/4"}],"replies":[{"embeddable":true,"href":"https:\/\/merac.es\/en\/wp-json\/wp\/v2\/comments?post=8206"}],"version-history":[{"count":7,"href":"https:\/\/merac.es\/en\/wp-json\/wp\/v2\/pages\/8206\/revisions"}],"predecessor-version":[{"id":8491,"href":"https:\/\/merac.es\/en\/wp-json\/wp\/v2\/pages\/8206\/revisions\/8491"}],"wp:featuredmedia":[{"embeddable":true,"href":"https:\/\/merac.es\/en\/wp-json\/wp\/v2\/media\/8245"}],"wp:attachment":[{"href":"https:\/\/merac.es\/en\/wp-json\/wp\/v2\/media?parent=8206"}],"curies":[{"name":"wp","href":"https:\/\/api.w.org\/{rel}","templated":true}]}}