{"id":7836,"date":"2022-03-28T12:30:38","date_gmt":"2022-03-28T10:30:38","guid":{"rendered":"http:\/\/merac.es\/?page_id=7836"},"modified":"2025-08-29T09:43:57","modified_gmt":"2025-08-29T07:43:57","slug":"politica-de-cookies","status":"publish","type":"page","link":"https:\/\/merac.es\/en\/politica-de-cookies\/","title":{"rendered":"Cookie Policy"},"content":{"rendered":"<div data-elementor-type=\"wp-page\" data-elementor-id=\"7836\" class=\"elementor elementor-7836\">\n\t\t\t\t\t\t\t\t\t<section data-particle_enable=\"false\" data-particle-mobile-disabled=\"false\" class=\"elementor-section elementor-top-section elementor-element elementor-element-9acb793 elementor-section-boxed elementor-section-height-default elementor-section-height-default\" data-id=\"9acb793\" data-element_type=\"section\" data-settings=\"{&quot;jet_parallax_layout_list&quot;:[]}\">\n\t\t\t\t\t\t<div class=\"elementor-container elementor-column-gap-default\">\n\t\t\t\t\t<div class=\"elementor-column elementor-col-100 elementor-top-column elementor-element elementor-element-2d47fe9\" data-id=\"2d47fe9\" data-element_type=\"column\">\n\t\t\t<div class=\"elementor-widget-wrap elementor-element-populated\">\n\t\t\t\t\t\t\t\t<div class=\"elementor-element elementor-element-a23c587 elementor-widget elementor-widget-text-editor\" data-id=\"a23c587\" data-element_type=\"widget\" data-widget_type=\"text-editor.default\">\n\t\t\t\t<div class=\"elementor-widget-container\">\n\t\t\t<style>\/*! elementor - v3.17.0 - 08-11-2023 *\/\n.elementor-widget-text-editor.elementor-drop-cap-view-stacked .elementor-drop-cap{background-color:#69727d;color:#fff}.elementor-widget-text-editor.elementor-drop-cap-view-framed .elementor-drop-cap{color:#69727d;border:3px solid;background-color:transparent}.elementor-widget-text-editor:not(.elementor-drop-cap-view-default) .elementor-drop-cap{margin-top:8px}.elementor-widget-text-editor:not(.elementor-drop-cap-view-default) .elementor-drop-cap-letter{width:1em;height:1em}.elementor-widget-text-editor .elementor-drop-cap{float:left;text-align:center;line-height:1;font-size:50px}.elementor-widget-text-editor .elementor-drop-cap-letter{display:inline-block}<\/style>\t\t\t\t<p><!-- wp:paragraph --><\/p>\n<p><!-- wp:paragraph --><\/p>\n<p><strong>COOKIES POLICY<\/strong><\/p>\n<p><!-- \/wp:paragraph --><\/p>\n<p><!-- wp:paragraph --><\/p>\n<p>Our website <a href=\"https:\/\/merac.es\/en\/\">www.merac.es<\/a> (the \"Website\") uses a technology called \"cookies\" in order to be able to collect information about the use of the Website. We inform you that we may use cookies in order to facilitate your navigation through the Website, distinguish you from other users and analyse your browsing habits within the Website.<\/p>\n<p>The purpose of this cookie policy is to inform you clearly and precisely about the cookies used on our Website (the \"Cookie Policy\").<\/p>\n<p><strong>I. INFORMATION<\/strong><\/p>\n<p><!-- \/wp:paragraph --><\/p>\n<p><!-- wp:paragraph --><\/p>\n<p><strong>What is a cookie?<\/strong>\u00a0<\/p>\n<p><!-- \/wp:paragraph --><\/p>\n<p><!-- wp:paragraph --><\/p>\n<p>A cookie is a small file that is downloaded to the user's computer\/phone\/tablet when accessing a website, online shop, intranet, online platform or similar, in order to store and retrieve information about the navigation carried out from said equipment.<\/p>\n<p>The information collected through cookies may include IP address, date and time of visits to the Website, the pages viewed within the Website, the time spent on our Website and the sites visited just before and just after the Website and other browsing data. Cookies allow us to obtain information about your browsing habits. This information helps us to improve the quality of our website and the user experience on it.<\/p>\n<p><!-- \/wp:paragraph --><\/p>\n<p><!-- wp:paragraph --><\/p>\n<p><strong>II. TYPES, PURPOSE AND FUNCTIONING OF COOKIES<\/strong><\/p>\n<p>Cookies, <strong>on the basis of their permanence<\/strong>These can be divided into session or persistent cookies:<\/p>\n<ul>\n<li><strong>Session cookies<\/strong>These are those that store data only while the user accesses the website and once the user leaves the site they do not remain on the user's hard drive.<\/li>\n<li><strong>Persistent Cookies<\/strong>These are those that store data on the user's hard disk so that they can be accessed and used each time they visit our website.<\/li>\n<\/ul>\n<p>\u00a0<\/p>\n<p><strong>Depending on the entity that manages them<\/strong>we can distinguish between:<\/p>\n<ul>\n<li><strong>Own cookies<\/strong>These are those that are sent to the user's terminal equipment from a computer or domain managed by the publisher itself and from which the service requested by the user is provided.<\/li>\n<li><strong>Third party cookies<\/strong>Cookies: These are sent to the user's terminal equipment from a computer or domain that is not managed by the editor, but by another entity that processes the data obtained through the cookies. For example, Google Analytics or Comscore.<\/li>\n<\/ul>\n<p>\u00a0<\/p>\n<p><strong>Depending on the purpose<\/strong>Cookies can be classified as follows:<\/p>\n<ul>\n<li><strong>Technical cookies<\/strong>These are those that allow the user to browse through a website, platform or application and the use of the different options or services that exist on it, such as, for example, controlling traffic and data communication, identifying the session, accessing restricted access areas, remembering the elements that make up an order, carrying out the purchase process of an order, making the application for registration or participation in an event, using security elements during browsing, storing content for the broadcasting of videos or sound or sharing content through social networks.<\/li>\n<li><strong>Analytics cookies<\/strong>Cookies: These are those that allow the party responsible for them to monitor and analyse the behaviour of users of the websites to which they are linked. The information collected through this type of cookies is used to measure the activity of the websites, application or platform and for the elaboration of browsing profiles of the users of these sites, applications and platforms, in order to introduce improvements based on the analysis of the usage data of the users of the service.<\/li>\n<li><strong>Advertising Cookies<\/strong>These are those that allow the management, in the most efficient way possible, of the advertising spaces that, where appropriate, the publisher has included on a website, application or platform from which it provides the requested service based on criteria such as the edited content or the frequency at which the advertisements are displayed.<\/li>\n<\/ul>\n<p><!-- \/wp:paragraph --><\/p>\n<p><!-- wp:paragraph --><\/p>\n<p><strong>III. DETAILS OF THE COOKIES USED ON THIS WEBSITE<\/strong><\/p>\n<p><!-- \/wp:paragraph --><\/p>\n<p><!-- wp:paragraph --><\/p>\n<p>On the one hand, the owner of this Website will use its own technical cookies for which it is not necessary to obtain your consent as they are excluded from the scope of application of article 22.2 of Law 34\/2002, of 11 July, on information society services and electronic commerce.<\/p>\n<p>However, this Website installs cookies that require the consent of users. Information about these cookies can be found below.<\/p>\n<p>On our Website we use the Google Analytics audience measurement system, a web analysis tool of Google LLC. (\"Google\"), located at 1600 Amphitheatre Parkway, Mountain View, California 94043 (USA), which allows us to understand how users interact with our Site.  By setting analytical cookies from this service in conjunction with our server log files, we are able to see the total number of visitors to our Web Site and which parts of our Web Site are most popular. These cookies provide us with information that can help us to improve navigation and provide a better service to users and customers. We inform you that the international transfer to Google is covered by the formalisation of the standard contractual clauses approved by the European Commission.<\/p>\n<p>This website also uses Hotjar cookies, a tool for analysing user data and behaviour while browsing the website.<\/p>\n<p>Below, you can see the detailed list of Cookies that we use on our Website:<\/p>\n<table>\n<tbody>\n<tr>\n<td width=\"187\">\n<p>\u00a0<strong>Name<\/strong><\/p>\n<\/td>\n<td width=\"57\">\n<p><strong>Manager<\/strong><\/p>\n<\/td>\n<td width=\"62\">\n<p><strong>Domain<\/strong><\/p>\n<\/td>\n<td width=\"71\">\n<p><strong>Supplier<\/strong><\/p>\n<\/td>\n<td width=\"66\">\n<p><strong>Duration<\/strong><\/p>\n<\/td>\n<td width=\"66\">\n<p><strong>Purpose<\/strong><\/p>\n<\/td>\n<td width=\"49\">\n<p><strong>Exempt<\/strong><\/p>\n<\/td>\n<\/tr>\n<tr>\n<td width=\"187\">\n<p>_ga<\/p>\n<\/td>\n<td width=\"57\">\n<p>Third parties<\/p>\n<\/td>\n<td width=\"62\">\n<p>.merac.co.uk<\/p>\n<\/td>\n<td width=\"71\">\n<p>Google<br \/>Analytics<\/p>\n<\/td>\n<td width=\"66\">\n<p><br \/>2 years<\/p>\n<\/td>\n<td width=\"66\">\n<p>from<br \/>analysis<\/p>\n<\/td>\n<td width=\"49\">\n<p>No<\/p>\n<\/td>\n<\/tr>\n<tr>\n<td width=\"187\">\n<p>_gid<\/p>\n<\/td>\n<td width=\"57\">\n<p>Third parties<\/p>\n<\/td>\n<td width=\"62\">\n<p>.merac.co.uk<\/p>\n<\/td>\n<td width=\"71\">\n<p>Google<br \/>Analytics<\/p>\n<\/td>\n<td width=\"66\">\n<p><br \/>24 hours<\/p>\n<\/td>\n<td width=\"66\">\n<p>from<br \/>analysis<\/p>\n<\/td>\n<td width=\"49\">\n<p>No<\/p>\n<\/td>\n<\/tr>\n<tr>\n<td width=\"187\">\n<p>_gat<\/p>\n<\/td>\n<td width=\"57\">\n<p>Third parties<\/p>\n<\/td>\n<td width=\"62\">\n<p>.merac.co.uk<\/p>\n<\/td>\n<td width=\"71\">\n<p>Google<br \/>Analytics<\/p>\n<\/td>\n<td width=\"66\">\n<p>1 minute<\/p>\n<\/td>\n<td width=\"66\">\n<p>from<br \/>analysis<\/p>\n<\/td>\n<td width=\"49\">\n<p>No<\/p>\n<\/td>\n<\/tr>\n<tr>\n<td width=\"187\">\n<p>_hjClosedSurveyInvites<\/p>\n<\/td>\n<td width=\"57\">\n<p>Third parties<\/p>\n<\/td>\n<td width=\"62\">\n<p>.merac.co.uk<\/p>\n<\/td>\n<td width=\"71\">\n<p>Hotjar<\/p>\n<\/td>\n<td width=\"66\">\n<p>1 year<\/p>\n<\/td>\n<td width=\"66\">\n<p>from<br \/>analysis<\/p>\n<\/td>\n<td width=\"49\">\n<p>No<\/p>\n<\/td>\n<\/tr>\n<tr>\n<td width=\"187\">\n<p>_hjDonePolls<\/p>\n<\/td>\n<td width=\"57\">\n<p>Third parties<\/p>\n<\/td>\n<td width=\"62\">\n<p>.merac.co.uk<\/p>\n<\/td>\n<td width=\"71\">\n<p>Hotjar<\/p>\n<\/td>\n<td width=\"66\">\n<p>1 year<\/p>\n<\/td>\n<td width=\"66\">\n<p>from<br \/>analysis<\/p>\n<\/td>\n<td width=\"49\">\n<p>No<\/p>\n<\/td>\n<\/tr>\n<tr>\n<td width=\"187\">\n<p>_hjMinimizedPolls<\/p>\n<\/td>\n<td width=\"57\">\n<p>Third parties<\/p>\n<\/td>\n<td width=\"62\">\n<p>.merac.co.uk<\/p>\n<\/td>\n<td width=\"71\">\n<p>Hotjar<\/p>\n<\/td>\n<td width=\"66\">\n<p>1 year<\/p>\n<\/td>\n<td width=\"66\">\n<p>from<br \/>analysis<\/p>\n<\/td>\n<td width=\"49\">\n<p>No<\/p>\n<\/td>\n<\/tr>\n<tr>\n<td width=\"187\">\n<p>_hjShownFeedbackMessage<\/p>\n<\/td>\n<td width=\"57\">\n<p>Third parties<\/p>\n<\/td>\n<td width=\"62\">\n<p>.merac.co.uk<\/p>\n<\/td>\n<td width=\"71\">\n<p>Hotjar<\/p>\n<\/td>\n<td width=\"66\">\n<p>1 year<\/p>\n<\/td>\n<td width=\"66\">\n<p>from<br \/>analysis<\/p>\n<\/td>\n<td width=\"49\">\n<p>No<\/p>\n<\/td>\n<\/tr>\n<tr>\n<td width=\"187\">\n<p>_hjid<\/p>\n<\/td>\n<td width=\"57\">\n<p>Third parties<\/p>\n<\/td>\n<td width=\"62\">\n<p>.merac.co.uk<\/p>\n<\/td>\n<td width=\"71\">\n<p>Hotjar<\/p>\n<\/td>\n<td width=\"66\">\n<p>1 year<\/p>\n<\/td>\n<td width=\"66\">\n<p>from<br \/>analysis<\/p>\n<\/td>\n<td width=\"49\">\n<p>No<\/p>\n<\/td>\n<\/tr>\n<tr>\n<td width=\"187\">\n<p>_hjRecordingLastActivity<\/p>\n<\/td>\n<td width=\"57\">\n<p>Third parties<\/p>\n<\/td>\n<td width=\"62\">\n<p>.merac.co.uk<\/p>\n<\/td>\n<td width=\"71\">\n<p>Hotjar<\/p>\n<\/td>\n<td width=\"66\">\n<p>Session<\/p>\n<\/td>\n<td width=\"66\">\n<p>from<br \/>analysis<\/p>\n<\/td>\n<td width=\"49\">\n<p>No<\/p>\n<\/td>\n<\/tr>\n<tr>\n<td width=\"187\">\n<p>_hjTLDTest<\/p>\n<\/td>\n<td width=\"57\">\n<p>Third parties<\/p>\n<\/td>\n<td width=\"62\">\n<p>.merac.co.uk<\/p>\n<\/td>\n<td width=\"71\">\n<p>Hotjar<\/p>\n<\/td>\n<td width=\"66\">\n<p>Session<\/p>\n<\/td>\n<td width=\"66\">\n<p>from<br \/>analysis<\/p>\n<\/td>\n<td width=\"49\">\n<p>No<\/p>\n<\/td>\n<\/tr>\n<tr>\n<td width=\"187\">\n<p>_hjUserAttributesHash<\/p>\n<\/td>\n<td width=\"57\">\n<p>Third parties<\/p>\n<\/td>\n<td width=\"62\">\n<p>.merac.co.uk<\/p>\n<\/td>\n<td width=\"71\">\n<p>Hotjar<\/p>\n<\/td>\n<td width=\"66\">\n<p>Session<\/p>\n<\/td>\n<td width=\"66\">\n<p>from<br \/>analysis<\/p>\n<\/td>\n<td width=\"49\">\n<p>No<\/p>\n<\/td>\n<\/tr>\n<tr>\n<td width=\"187\">\n<p>_hjCachedUserAttributes<\/p>\n<\/td>\n<td width=\"57\">\n<p>Third parties<\/p>\n<\/td>\n<td width=\"62\">\n<p>.merac.co.uk<\/p>\n<\/td>\n<td width=\"71\">\n<p>Hotjar<\/p>\n<\/td>\n<td width=\"66\">\n<p>Session<\/p>\n<\/td>\n<td width=\"66\">\n<p>from<br \/>analysis<\/p>\n<\/td>\n<td width=\"49\">\n<p>No<\/p>\n<\/td>\n<\/tr>\n<tr>\n<td width=\"187\">\n<p>_hjLocalStorageTest<\/p>\n<\/td>\n<td width=\"57\">\n<p>Third parties<\/p>\n<\/td>\n<td width=\"62\">\n<p>.merac.co.uk<\/p>\n<\/td>\n<td width=\"71\">\n<p>Hotjar<\/p>\n<\/td>\n<td width=\"66\">\n<p>Minus 1 second<\/p>\n<\/td>\n<td width=\"66\">\n<p>from<br \/>analysis<\/p>\n<\/td>\n<td width=\"49\">\n<p>No<\/p>\n<\/td>\n<\/tr>\n<tr>\n<td width=\"187\">\n<p>_hjIncludedInPageviewSample<\/p>\n<\/td>\n<td width=\"57\">\n<p>Third parties<\/p>\n<\/td>\n<td width=\"62\">\n<p>.merac.co.uk<\/p>\n<\/td>\n<td width=\"71\">\n<p>Hotjar<\/p>\n<\/td>\n<td width=\"66\">\n<p>30 min.<\/p>\n<\/td>\n<td width=\"66\">\n<p>from<br \/>analysis<\/p>\n<\/td>\n<td width=\"49\">\n<p>No<\/p>\n<\/td>\n<\/tr>\n<tr>\n<td width=\"187\">\n<p>_hjIncludedInSessionSample<\/p>\n<\/td>\n<td width=\"57\">\n<p>Third parties<\/p>\n<\/td>\n<td width=\"62\">\n<p>.merac.co.uk<\/p>\n<\/td>\n<td width=\"71\">\n<p>Hotjar<\/p>\n<\/td>\n<td width=\"66\">\n<p>30 min.<\/p>\n<\/td>\n<td width=\"66\">\n<p>from<br \/>analysis<\/p>\n<\/td>\n<td width=\"49\">\n<p>No<\/p>\n<\/td>\n<\/tr>\n<tr>\n<td width=\"187\">\n<p>_hjAbsoluteSessionInProgress<\/p>\n<\/td>\n<td width=\"57\">\n<p>Third parties<\/p>\n<\/td>\n<td width=\"62\">\n<p>.merac.co.uk<\/p>\n<\/td>\n<td width=\"71\">\n<p>Hotjar<\/p>\n<\/td>\n<td width=\"66\">\n<p>30 min.<\/p>\n<\/td>\n<td width=\"66\">\n<p>from<br \/>analysis<\/p>\n<\/td>\n<td width=\"49\">\n<p>No<\/p>\n<\/td>\n<\/tr>\n<tr>\n<td width=\"187\">\n<p>_hjFirstSeen<\/p>\n<\/td>\n<td width=\"57\">\n<p>Third parties<\/p>\n<\/td>\n<td width=\"62\">\n<p>.merac.co.uk<\/p>\n<\/td>\n<td width=\"71\">\n<p>Hotjar<\/p>\n<\/td>\n<td width=\"66\">\n<p>Session<\/p>\n<\/td>\n<td width=\"66\">\n<p>from<br \/>analysis<\/p>\n<\/td>\n<td width=\"49\">\n<p>No<\/p>\n<\/td>\n<\/tr>\n<tr>\n<td width=\"187\">\n<p>hjViewportId<\/p>\n<\/td>\n<td width=\"57\">\n<p>Third parties<\/p>\n<\/td>\n<td width=\"62\">\n<p>.merac.co.uk<\/p>\n<\/td>\n<td width=\"71\">\n<p>Hotjar<\/p>\n<\/td>\n<td width=\"66\">\n<p>Session<\/p>\n<\/td>\n<td width=\"66\">\n<p>from<br \/>analysis<\/p>\n<\/td>\n<td width=\"49\">\n<p>No<\/p>\n<\/td>\n<\/tr>\n<tr>\n<td width=\"187\">\n<p>hjViewportId<\/p>\n<\/td>\n<td width=\"57\">\n<p>Third parties<\/p>\n<\/td>\n<td width=\"62\">\n<p>.merac.co.uk<\/p>\n<\/td>\n<td width=\"71\">\n<p>Hotjar<\/p>\n<\/td>\n<td width=\"66\">\n<p>Session<\/p>\n<\/td>\n<td width=\"66\">\n<p>from<br \/>analysis<\/p>\n<\/td>\n<td width=\"49\">\n<p>No<\/p>\n<\/td>\n<\/tr>\n<\/tbody>\n<\/table>\n<p><strong>IV. HOW TO MANAGE \/ DISABLE COOKIES IN THE BROWSER<\/strong><\/p>\n<p>The user can allow, block or delete the cookies installed on their computer by configuring the options of the browser installed on their computer. Below, we explain how to access the configuration menu of the most popular browsers (Important: Disabling some of the above-mentioned cookies may make certain services or functionalities of the website unavailable).<\/p>\n<ul>\n<li>Firefox: Tools -&gt; Options -&gt; Privacy -&gt; History -&gt; Custom Settings.<\/li>\n<li>Chrome: Settings -&gt; Show advanced options -&gt; Privacy -&gt; Content settings.<\/li>\n<li>Safari: Preferences -&gt; Security.<\/li>\n<li>Opera: Options -&gt; Privacy.<\/li>\n<li>Internet Explorer: Tools -&gt; Internet Options -&gt; Privacy -&gt; Settings.<\/li>\n<\/ul>\n<p>\u00a0<\/p>\n<p><strong>V. CHANGES TO THE COOKIE POLICY<\/strong><\/p>\n<p>We may update the Cookie Policy of our Website. We therefore recommend that you review this policy each time you access our Website in order to be properly informed about how and for what purpose we use cookies.<\/p>\n<p><strong>VI. PRIVACY POLICY<\/strong><\/p>\n<p>You can read our <a href=\"https:\/\/merac.es\/en\/politica-de-privacidad\/\">privacy policy<\/a> for further information on the processing of personal data<\/p>\n<p><strong>VII. CONTACT<\/strong><\/p>\n<p>If you have any questions, comments or suggestions about the Cookie Policy, please contact us via the following email address: <a href=\"mailto:administacion@merac.es\">administacion@merac.es<\/a><\/p>\n<p><!-- \/wp:paragraph --><\/p>\n<p><!-- \/wp:paragraph --><\/p>\t\t\t\t\t\t<\/div>\n\t\t\t\t<\/div>\n\t\t\t\t\t<\/div>\n\t\t<\/div>\n\t\t\t\t\t\t\t<\/div>\n\t\t<\/section>\n\t\t\t\t\t\t\t<\/div>","protected":false},"excerpt":{"rendered":"<p>POL\u00cdTICA DE COOKIES Nuestro sitio web www.merac.es (el \u201cSitio Web\u201d) utiliza una tecnolog\u00eda denominada \u201ccookies\u201d con la finalidad de poder recabar informaci\u00f3n acerca del uso del Sitio Web. Le informamos de que podemos utilizar cookies con la finalidad de facilitar su navegaci\u00f3n a trav\u00e9s del Sitio Web, distinguirle de otros usuarios y analizar sus h\u00e1bitos [&hellip;]<\/p>","protected":false},"author":1,"featured_media":0,"parent":0,"menu_order":0,"comment_status":"closed","ping_status":"closed","template":"","meta":{"footnotes":""},"yoast_head":"<!-- This site is optimized with the Yoast SEO plugin v21.6 - https:\/\/yoast.com\/wordpress\/plugins\/seo\/ -->\n<title>Pol\u00edtica de Cookies | MERAC Legal &amp; Tax Lawyers<\/title>\n<meta name=\"robots\" content=\"noindex, follow\" \/>\n<meta property=\"og:locale\" content=\"en_GB\" \/>\n<meta property=\"og:type\" content=\"article\" \/>\n<meta property=\"og:title\" content=\"Pol\u00edtica de Cookies | MERAC Legal &amp; Tax Lawyers\" \/>\n<meta property=\"og:description\" content=\"POL\u00cdTICA DE COOKIES Nuestro sitio web www.merac.es (el \u201cSitio Web\u201d) utiliza una tecnolog\u00eda denominada \u201ccookies\u201d con la finalidad de poder recabar informaci\u00f3n acerca del uso del Sitio Web. Le informamos de que podemos utilizar cookies con la finalidad de facilitar su navegaci\u00f3n a trav\u00e9s del Sitio Web, distinguirle de otros usuarios y analizar sus h\u00e1bitos [&hellip;]\" \/>\n<meta property=\"og:url\" content=\"https:\/\/merac.es\/en\/politica-de-cookies\/\" \/>\n<meta property=\"og:site_name\" content=\"MERAC Legal &amp; Tax Lawyers\" \/>\n<meta property=\"article:modified_time\" content=\"2025-08-29T07:43:57+00:00\" \/>\n<meta name=\"twitter:card\" content=\"summary_large_image\" \/>\n<meta name=\"twitter:label1\" content=\"Estimated reading time\" \/>\n\t<meta name=\"twitter:data1\" content=\"6 minutes\" \/>\n<script type=\"application\/ld+json\" class=\"yoast-schema-graph\">{\"@context\":\"https:\/\/schema.org\",\"@graph\":[{\"@type\":\"WebPage\",\"@id\":\"https:\/\/merac.es\/politica-de-cookies\/\",\"url\":\"https:\/\/merac.es\/politica-de-cookies\/\",\"name\":\"Pol\u00edtica de Cookies | MERAC Legal &amp; Tax Lawyers\",\"isPartOf\":{\"@id\":\"https:\/\/merac.es\/#website\"},\"datePublished\":\"2022-03-28T10:30:38+00:00\",\"dateModified\":\"2025-08-29T07:43:57+00:00\",\"breadcrumb\":{\"@id\":\"https:\/\/merac.es\/politica-de-cookies\/#breadcrumb\"},\"inLanguage\":\"en-GB\",\"potentialAction\":[{\"@type\":\"ReadAction\",\"target\":[\"https:\/\/merac.es\/politica-de-cookies\/\"]}]},{\"@type\":\"BreadcrumbList\",\"@id\":\"https:\/\/merac.es\/politica-de-cookies\/#breadcrumb\",\"itemListElement\":[{\"@type\":\"ListItem\",\"position\":1,\"name\":\"Portada\",\"item\":\"https:\/\/merac.es\/\"},{\"@type\":\"ListItem\",\"position\":2,\"name\":\"Pol\u00edtica de Cookies\"}]},{\"@type\":\"WebSite\",\"@id\":\"https:\/\/merac.es\/#website\",\"url\":\"https:\/\/merac.es\/\",\"name\":\"MERAC Legal &amp; Tax Lawyers\",\"description\":\"Abogados - Asesores tributarios y fiscales en M\u00e1laga\",\"publisher\":{\"@id\":\"https:\/\/merac.es\/#organization\"},\"potentialAction\":[{\"@type\":\"SearchAction\",\"target\":{\"@type\":\"EntryPoint\",\"urlTemplate\":\"https:\/\/merac.es\/?s={search_term_string}\"},\"query-input\":\"required name=search_term_string\"}],\"inLanguage\":\"en-GB\"},{\"@type\":\"Organization\",\"@id\":\"https:\/\/merac.es\/#organization\",\"name\":\"MERAC Legal &amp; Tax Lawyers\",\"url\":\"https:\/\/merac.es\/\",\"logo\":{\"@type\":\"ImageObject\",\"inLanguage\":\"en-GB\",\"@id\":\"https:\/\/merac.es\/#\/schema\/logo\/image\/\",\"url\":\"https:\/\/merac.es\/wp-content\/uploads\/2022\/03\/merac-logo-v2.svg\",\"contentUrl\":\"https:\/\/merac.es\/wp-content\/uploads\/2022\/03\/merac-logo-v2.svg\",\"width\":451.5,\"height\":315.1,\"caption\":\"MERAC Legal &amp; Tax Lawyers\"},\"image\":{\"@id\":\"https:\/\/merac.es\/#\/schema\/logo\/image\/\"}}]}<\/script>\n<!-- \/ Yoast SEO plugin. -->","yoast_head_json":{"title":"Pol\u00edtica de Cookies | MERAC Legal &amp; Tax Lawyers","robots":{"index":"noindex","follow":"follow"},"og_locale":"en_GB","og_type":"article","og_title":"Pol\u00edtica de Cookies | MERAC Legal &amp; Tax Lawyers","og_description":"POL\u00cdTICA DE COOKIES Nuestro sitio web www.merac.es (el \u201cSitio Web\u201d) utiliza una tecnolog\u00eda denominada \u201ccookies\u201d con la finalidad de poder recabar informaci\u00f3n acerca del uso del Sitio Web. Le informamos de que podemos utilizar cookies con la finalidad de facilitar su navegaci\u00f3n a trav\u00e9s del Sitio Web, distinguirle de otros usuarios y analizar sus h\u00e1bitos [&hellip;]","og_url":"https:\/\/merac.es\/en\/politica-de-cookies\/","og_site_name":"MERAC Legal &amp; Tax Lawyers","article_modified_time":"2025-08-29T07:43:57+00:00","twitter_card":"summary_large_image","twitter_misc":{"Estimated reading time":"6 minutes"},"schema":{"@context":"https:\/\/schema.org","@graph":[{"@type":"WebPage","@id":"https:\/\/merac.es\/politica-de-cookies\/","url":"https:\/\/merac.es\/politica-de-cookies\/","name":"Pol\u00edtica de Cookies | MERAC Legal &amp; Tax Lawyers","isPartOf":{"@id":"https:\/\/merac.es\/#website"},"datePublished":"2022-03-28T10:30:38+00:00","dateModified":"2025-08-29T07:43:57+00:00","breadcrumb":{"@id":"https:\/\/merac.es\/politica-de-cookies\/#breadcrumb"},"inLanguage":"en-GB","potentialAction":[{"@type":"ReadAction","target":["https:\/\/merac.es\/politica-de-cookies\/"]}]},{"@type":"BreadcrumbList","@id":"https:\/\/merac.es\/politica-de-cookies\/#breadcrumb","itemListElement":[{"@type":"ListItem","position":1,"name":"Portada","item":"https:\/\/merac.es\/"},{"@type":"ListItem","position":2,"name":"Pol\u00edtica de Cookies"}]},{"@type":"WebSite","@id":"https:\/\/merac.es\/#website","url":"https:\/\/merac.es\/","name":"MERAC Legal &amp; Tax Lawyers","description":"Abogados - Asesores tributarios y fiscales en M\u00e1laga","publisher":{"@id":"https:\/\/merac.es\/#organization"},"potentialAction":[{"@type":"SearchAction","target":{"@type":"EntryPoint","urlTemplate":"https:\/\/merac.es\/?s={search_term_string}"},"query-input":"required name=search_term_string"}],"inLanguage":"en-GB"},{"@type":"Organization","@id":"https:\/\/merac.es\/#organization","name":"MERAC Legal &amp; Tax Lawyers","url":"https:\/\/merac.es\/","logo":{"@type":"ImageObject","inLanguage":"en-GB","@id":"https:\/\/merac.es\/#\/schema\/logo\/image\/","url":"https:\/\/merac.es\/wp-content\/uploads\/2022\/03\/merac-logo-v2.svg","contentUrl":"https:\/\/merac.es\/wp-content\/uploads\/2022\/03\/merac-logo-v2.svg","width":451.5,"height":315.1,"caption":"MERAC Legal &amp; Tax Lawyers"},"image":{"@id":"https:\/\/merac.es\/#\/schema\/logo\/image\/"}}]}},"_links":{"self":[{"href":"https:\/\/merac.es\/en\/wp-json\/wp\/v2\/pages\/7836"}],"collection":[{"href":"https:\/\/merac.es\/en\/wp-json\/wp\/v2\/pages"}],"about":[{"href":"https:\/\/merac.es\/en\/wp-json\/wp\/v2\/types\/page"}],"author":[{"embeddable":true,"href":"https:\/\/merac.es\/en\/wp-json\/wp\/v2\/users\/1"}],"replies":[{"embeddable":true,"href":"https:\/\/merac.es\/en\/wp-json\/wp\/v2\/comments?post=7836"}],"version-history":[{"count":12,"href":"https:\/\/merac.es\/en\/wp-json\/wp\/v2\/pages\/7836\/revisions"}],"predecessor-version":[{"id":8994,"href":"https:\/\/merac.es\/en\/wp-json\/wp\/v2\/pages\/7836\/revisions\/8994"}],"wp:attachment":[{"href":"https:\/\/merac.es\/en\/wp-json\/wp\/v2\/media?parent=7836"}],"curies":[{"name":"wp","href":"https:\/\/api.w.org\/{rel}","templated":true}]}}