{"id":229,"date":"2022-03-22T09:44:53","date_gmt":"2022-03-22T09:44:53","guid":{"rendered":"http:\/\/merac.es\/?page_id=229"},"modified":"2025-07-24T10:10:20","modified_gmt":"2025-07-24T08:10:20","slug":"equipo","status":"publish","type":"page","link":"https:\/\/merac.es\/en\/equipo\/","title":{"rendered":"The Team"},"content":{"rendered":"<div data-elementor-type=\"wp-page\" data-elementor-id=\"229\" class=\"elementor elementor-229\">\n\t\t\t\t\t\t\t\t\t<section data-particle_enable=\"false\" data-particle-mobile-disabled=\"false\" class=\"elementor-section elementor-top-section elementor-element elementor-element-062513a elementor-section-boxed elementor-section-height-default elementor-section-height-default\" data-id=\"062513a\" data-element_type=\"section\" data-settings=\"{&quot;jet_parallax_layout_list&quot;:[]}\">\n\t\t\t\t\t\t<div class=\"elementor-container elementor-column-gap-default\">\n\t\t\t\t\t<div class=\"elementor-column elementor-col-100 elementor-top-column elementor-element elementor-element-55db1ad\" data-id=\"55db1ad\" data-element_type=\"column\">\n\t\t\t<div class=\"elementor-widget-wrap elementor-element-populated\">\n\t\t\t\t\t\t\t\t<div class=\"elementor-element elementor-element-4abb523 elementor-widget elementor-widget-heading\" data-id=\"4abb523\" data-element_type=\"widget\" data-widget_type=\"heading.default\">\n\t\t\t\t<div class=\"elementor-widget-container\">\n\t\t\t<style>\/*! elementor - v3.17.0 - 08-11-2023 *\/\n.elementor-heading-title{padding:0;margin:0;line-height:1}.elementor-widget-heading .elementor-heading-title[class*=elementor-size-]>a{color:inherit;font-size:inherit;line-height:inherit}.elementor-widget-heading .elementor-heading-title.elementor-size-small{font-size:15px}.elementor-widget-heading .elementor-heading-title.elementor-size-medium{font-size:19px}.elementor-widget-heading .elementor-heading-title.elementor-size-large{font-size:29px}.elementor-widget-heading .elementor-heading-title.elementor-size-xl{font-size:39px}.elementor-widget-heading .elementor-heading-title.elementor-size-xxl{font-size:59px}<\/style><h2 class=\"elementor-heading-title elementor-size-default\">Specialised professionals for each service<\/h2>\t\t<\/div>\n\t\t\t\t<\/div>\n\t\t\t\t<section data-particle_enable=\"false\" data-particle-mobile-disabled=\"false\" class=\"elementor-section elementor-inner-section elementor-element elementor-element-b0e2e8e elementor-hidden-mobile elementor-section-boxed elementor-section-height-default elementor-section-height-default\" data-id=\"b0e2e8e\" data-element_type=\"section\" data-settings=\"{&quot;jet_parallax_layout_list&quot;:[]}\">\n\t\t\t\t\t\t<div class=\"elementor-container elementor-column-gap-default\">\n\t\t\t\t\t<div class=\"elementor-column elementor-col-50 elementor-inner-column elementor-element elementor-element-1c60d45\" data-id=\"1c60d45\" data-element_type=\"column\">\n\t\t\t<div class=\"elementor-widget-wrap elementor-element-populated\">\n\t\t\t\t\t\t\t\t<div class=\"elementor-element elementor-element-0b6444a eael-team-align-eael-team-align-default elementor-widget elementor-widget-eael-team-member\" data-id=\"0b6444a\" data-element_type=\"widget\" data-widget_type=\"eael-team-member.default\">\n\t\t\t\t<div class=\"elementor-widget-container\">\n\t\t\t\n\n\t<div id=\"eael-team-member-0b6444a\" class=\"eael-team-item eael-team-members-overlay\">\n\t\t<div class=\"eael-team-item-inner\">\n\t\t\t<div class=\"eael-team-image\">\n\t\t\t\t<figure>\n\t\t\t\t\t<img decoding=\"async\" src=\"https:\/\/merac.es\/wp-content\/uploads\/2022\/03\/MERCEDES-WEB.png\" alt=\"\">\n\t\t\t\t<\/figure>\n\t\t\t\t\n\t\t\t\t\n\t\t\t<\/div>\n\n\t\t\t<div class=\"eael-team-content\">\n\t\t\t\t<h3 class=\"eael-team-member-name\">Mercedes Nieto<\/h3>\n\t\t\t\t<h4 class=\"eael-team-member-position\">Legal Area Manager<\/h4>\n\n\t\t\t\t\t\t\t\t\t\t\t\t\t\t\t<ul class=\"eael-team-member-social-profiles\">\n\t\t\t\t\t\t\t\t\t\t\t\t\t\t\t\t\t\t\t\t\t\t\t\t\t\t\t\t\t\t\t\t\t\t\t\t\t\t\t\t\t<li class=\"eael-team-member-social-link\">\n\t\t\t\t\t\t\t\t\t\t<a href=\"https:\/\/www.linkedin.com\/in\/mercedes-nieto-guindo-83365964\/\" target=\"_blank\">\n\t\t\t\t\t\t\t\t\t\t\t\t\t\t\t\t\t\t\t\t\t\t\t<i aria-hidden=\"true\" class=\"fab fa-linkedin\"><\/i>\t\t\t\t\t\t\t\t\t\t\t\t\t\t\t\t\t\t\t\t\t<\/a>\n\t\t\t\t\t\t\t\t\t<\/li>\n\t\t\t\t\t\t\t\t\t\t\t\t\t\t\t\t\t\t\t\t\t<\/ul>\n\t\t\t\t\t\t\t\t\t\t<p class=\"eael-team-text\">Mercedes Nieto is a Lawyer and Economist and partner in the Corporate Law and Commercial Contracts practice at MERAC LEGAL &amp; TAX LAWYERS.\n\nShe began her professional career in the Coporate Law and Commercial Department of Garrigues and later moved to Qatar to work in a construction company until she joined the Corporate Law and Comercial Department of KPMG Abogados.\n<br>\n<br>\nIn 2018, she joined a law firm in Marbella as head of the Corporate Law and Commercial Department until joining MERAC LEGAL &amp; TAX LAWYERS as a Partner.<br><br>\nShe specialises in corporate and commercial law, mergers and acquisitions (M&amp;A), real estate, national and international contracts and civil law.\n<br><br>\nHa participado en operaciones de M&amp;A e Inmobiliarias en sectores de todo tipo, habiendo sido reconocida por su labor de abogada en el \u00e1rea de Derecho Mercantil y Fusiones y Adquisiciones por \u201cBest Lawyers International\u201d en su edici\u00f3n de 2020 y 2021, siendo en 2020, adem\u00e1s, galardonada con el premio a mejor abogada en dicha \u00e1rea, y  nominada en los a\u00f1os 2022, 2023 y 2024. \n<\/p>\n\t\t\t\t\t\t\t<\/div>\n\t\t<\/div>\n\t<\/div>\n\t\t\t<\/div>\n\t\t\t\t<\/div>\n\t\t\t\t\t<\/div>\n\t\t<\/div>\n\t\t\t\t<div class=\"elementor-column elementor-col-50 elementor-inner-column elementor-element elementor-element-aeffc00\" data-id=\"aeffc00\" data-element_type=\"column\">\n\t\t\t<div class=\"elementor-widget-wrap elementor-element-populated\">\n\t\t\t\t\t\t\t\t<div class=\"elementor-element elementor-element-1acfa29 eael-team-align-eael-team-align-default elementor-widget elementor-widget-eael-team-member\" data-id=\"1acfa29\" data-element_type=\"widget\" data-widget_type=\"eael-team-member.default\">\n\t\t\t\t<div class=\"elementor-widget-container\">\n\t\t\t\n\n\t<div id=\"eael-team-member-1acfa29\" class=\"eael-team-item eael-team-members-overlay\">\n\t\t<div class=\"eael-team-item-inner\">\n\t\t\t<div class=\"eael-team-image\">\n\t\t\t\t<figure>\n\t\t\t\t\t<img decoding=\"async\" src=\"https:\/\/merac.es\/wp-content\/uploads\/2022\/03\/CARMEN-WEB.png\" alt=\"\">\n\t\t\t\t<\/figure>\n\t\t\t\t\n\t\t\t\t\n\t\t\t<\/div>\n\n\t\t\t<div class=\"eael-team-content\">\n\t\t\t\t<h3 class=\"eael-team-member-name\">Carmen Gallardo<\/h3>\n\t\t\t\t<h4 class=\"eael-team-member-position\">Head of Tax Area<\/h4>\n\n\t\t\t\t\t\t\t\t\t\t\t\t\t\t\t<ul class=\"eael-team-member-social-profiles\">\n\t\t\t\t\t\t\t\t\t\t\t\t\t\t\t\t\t\t\t\t\t\t\t\t\t\t\t\t\t\t\t\t\t\t\t\t\t\t\t\t\t<li class=\"eael-team-member-social-link\">\n\t\t\t\t\t\t\t\t\t\t<a href=\"https:\/\/www.linkedin.com\/in\/carmen-gallardo-garcia\/\" target=\"_blank\">\n\t\t\t\t\t\t\t\t\t\t\t\t\t\t\t\t\t\t\t\t\t\t\t<i aria-hidden=\"true\" class=\"fab fa-linkedin\"><\/i>\t\t\t\t\t\t\t\t\t\t\t\t\t\t\t\t\t\t\t\t\t<\/a>\n\t\t\t\t\t\t\t\t\t<\/li>\n\t\t\t\t\t\t\t\t\t\t\t\t\t\t\t\t\t\t\t\t\t<\/ul>\n\t\t\t\t\t\t\t\t\t\t<p class=\"eael-team-text\">Carmen Gallardo is a Lawyer and Economist and Partner of the Tax Department of MERAC LEGAL &amp; TAX LAWYERS.\n<br>\n<br>\n\nShe began her professional career more than 10 years ago in the Tax Law department of Garrigues until she joined the tax department of a multinational group of companies in the logistics sector based in Madrid, where she joined the financial-tax department of the parent company in Germany for three months, where she broadened her knowledge of international taxation.\n<br>\n<br>\n\nIn 2018, she joined the tax department of a law firm in Marbella until the foundation of MERAC LEGAL &amp; TAX LAWYERS where she is partner responsible of the Tax Department.\n<br>\n<br>\n\nCarmen specialises in corporate tax law. She has developed her career advising multinational groups on direct and indirect, national and international taxation and has participated in many corporate restructuring and M&amp;A (Mergers and Acquisitions) transactions. She also has extensive experience in advising on transfer pricing and tax proceedings.\n<br>\n<br>\n\nIn the 2020 and 2021 editions, she has been recognised for her work as a lawyer in the area of tax law by the association \"Best Lawyers International\".<\/p>\n\t\t\t\t\t\t\t<\/div>\n\t\t<\/div>\n\t<\/div>\n\t\t\t<\/div>\n\t\t\t\t<\/div>\n\t\t\t\t\t<\/div>\n\t\t<\/div>\n\t\t\t\t\t\t\t<\/div>\n\t\t<\/section>\n\t\t\t\t<div data-particle_enable=\"false\" data-particle-mobile-disabled=\"false\" class=\"elementor-section elementor-inner-section elementor-element elementor-element-2da35be elementor-hidden-desktop elementor-hidden-tablet elementor-section-boxed elementor-section-height-default elementor-section-height-default\" data-id=\"2da35be\" data-element_type=\"section\" data-settings=\"{&quot;jet_parallax_layout_list&quot;:[]}\">\n\t\t\t\t\t\t<div class=\"elementor-container elementor-column-gap-default\">\n\t\t\t\t\t<div class=\"elementor-column elementor-col-33 elementor-inner-column elementor-element elementor-element-7e06716\" data-id=\"7e06716\" data-element_type=\"column\">\n\t\t\t<div class=\"elementor-widget-wrap elementor-element-populated\">\n\t\t\t\t\t\t\t\t<div class=\"elementor-element elementor-element-2a27fef eael-team-align-centered elementor-widget elementor-widget-eael-team-member\" data-id=\"2a27fef\" data-element_type=\"widget\" data-widget_type=\"eael-team-member.default\">\n\t\t\t\t<div class=\"elementor-widget-container\">\n\t\t\t\n\n\t<div id=\"eael-team-member-2a27fef\" class=\"eael-team-item eael-team-members-overlay\">\n\t\t<div class=\"eael-team-item-inner\">\n\t\t\t<div class=\"eael-team-image\">\n\t\t\t\t<figure>\n\t\t\t\t\t<img decoding=\"async\" src=\"https:\/\/merac.es\/wp-content\/uploads\/2022\/03\/MERCEDES-WEB.png\" alt=\"\">\n\t\t\t\t<\/figure>\n\t\t\t\t\n\t\t\t\t\n\t\t\t<\/div>\n\n\t\t\t<div class=\"eael-team-content\">\n\t\t\t\t<h3 class=\"eael-team-member-name\">Merecedes Nieto<\/h3>\n\t\t\t\t<h4 class=\"eael-team-member-position\">Legal Area Manager<\/h4>\n\n\t\t\t\t\t\t\t\t\t\t\t\t\t\t\t<ul class=\"eael-team-member-social-profiles\">\n\t\t\t\t\t\t\t\t\t\t\t\t\t\t\t\t\t\t\t\t\t\t\t\t\t\t\t\t\t\t\t\t\t\t\t\t\t\t\t\t\t<li class=\"eael-team-member-social-link\">\n\t\t\t\t\t\t\t\t\t\t<a target=\"_blank\">\n\t\t\t\t\t\t\t\t\t\t\t\t\t\t\t\t\t\t\t\t\t\t\t<i aria-hidden=\"true\" class=\"fab fa-instagram\"><\/i>\t\t\t\t\t\t\t\t\t\t\t\t\t\t\t\t\t\t\t\t\t<\/a>\n\t\t\t\t\t\t\t\t\t<\/li>\n\t\t\t\t\t\t\t\t\t\t\t\t\t\t\t\t\t\t\t\t\t\t\t\t\t\t\t\t\t\t\t\t\t\t\t\t\t\t\t\t\t\t\t\t\t\t\t\t\t<li class=\"eael-team-member-social-link\">\n\t\t\t\t\t\t\t\t\t\t<a target=\"_blank\">\n\t\t\t\t\t\t\t\t\t\t\t\t\t\t\t\t\t\t\t\t\t\t\t<i aria-hidden=\"true\" class=\"fab fa-linkedin\"><\/i>\t\t\t\t\t\t\t\t\t\t\t\t\t\t\t\t\t\t\t\t\t<\/a>\n\t\t\t\t\t\t\t\t\t<\/li>\n\t\t\t\t\t\t\t\t\t\t\t\t\t\t\t\t\t\t\t\t\t\t\t\t\t\t\t\t\t\t\t\t\t\t\t\t\t\t\t\t\t\t\t\t\t\t\t\t\t<li class=\"eael-team-member-social-link\">\n\t\t\t\t\t\t\t\t\t\t<a target=\"_blank\">\n\t\t\t\t\t\t\t\t\t\t\t\t\t\t\t\t\t\t\t\t\t\t\t<i aria-hidden=\"true\" class=\"fab fa-facebook\"><\/i>\t\t\t\t\t\t\t\t\t\t\t\t\t\t\t\t\t\t\t\t\t<\/a>\n\t\t\t\t\t\t\t\t\t<\/li>\n\t\t\t\t\t\t\t\t\t\t\t\t\t\t\t\t\t\t\t\t\t\t\t\t\t\t\t\t\t\t\t\t\t\t\t\t\t\t\t\t\t\t\t\t\t\t\t\t\t<li class=\"eael-team-member-social-link\">\n\t\t\t\t\t\t\t\t\t\t<a target=\"_blank\">\n\t\t\t\t\t\t\t\t\t\t\t\t\t\t\t\t\t\t\t\t\t\t\t<i aria-hidden=\"true\" class=\"fab fa-twitter\"><\/i>\t\t\t\t\t\t\t\t\t\t\t\t\t\t\t\t\t\t\t\t\t<\/a>\n\t\t\t\t\t\t\t\t\t<\/li>\n\t\t\t\t\t\t\t\t\t\t\t\t\t\t\t\t\t\t\t\t\t<\/ul>\n\t\t\t\t\t\t\t\t\t\t<p class=\"eael-team-text\">\n<\/p>\n\t\t\t\t\t\t\t<\/div>\n\t\t<\/div>\n\t<\/div>\n\t\t\t<\/div>\n\t\t\t\t<\/div>\n\t\t\t\t\t<\/div>\n\t\t<\/div>\n\t\t\t\t<div class=\"elementor-column elementor-col-33 elementor-inner-column elementor-element elementor-element-039628f\" data-id=\"039628f\" data-element_type=\"column\">\n\t\t\t<div class=\"elementor-widget-wrap elementor-element-populated\">\n\t\t\t\t\t\t\t\t<div class=\"elementor-element elementor-element-446a76c eael-team-align-centered elementor-widget elementor-widget-eael-team-member\" data-id=\"446a76c\" data-element_type=\"widget\" data-widget_type=\"eael-team-member.default\">\n\t\t\t\t<div class=\"elementor-widget-container\">\n\t\t\t\n\n\t<div id=\"eael-team-member-446a76c\" class=\"eael-team-item eael-team-members-overlay\">\n\t\t<div class=\"eael-team-item-inner\">\n\t\t\t<div class=\"eael-team-image\">\n\t\t\t\t<figure>\n\t\t\t\t\t<img decoding=\"async\" src=\"https:\/\/merac.es\/wp-content\/uploads\/2022\/03\/CARMEN-WEB.png\" alt=\"\">\n\t\t\t\t<\/figure>\n\t\t\t\t\n\t\t\t\t\n\t\t\t<\/div>\n\n\t\t\t<div class=\"eael-team-content\">\n\t\t\t\t<h3 class=\"eael-team-member-name\">Carmen Gallardo<\/h3>\n\t\t\t\t<h4 class=\"eael-team-member-position\">Head of Tax Area<\/h4>\n\n\t\t\t\t\t\t\t\t\t\t\t\t\t\t\t<ul class=\"eael-team-member-social-profiles\">\n\t\t\t\t\t\t\t\t\t\t\t\t\t\t\t\t\t\t\t\t\t\t\t\t\t\t\t\t\t\t\t\t\t\t\t\t\t\t\t\t\t<li class=\"eael-team-member-social-link\">\n\t\t\t\t\t\t\t\t\t\t<a target=\"_blank\">\n\t\t\t\t\t\t\t\t\t\t\t\t\t\t\t\t\t\t\t\t\t\t\t<i aria-hidden=\"true\" class=\"fab fa-instagram\"><\/i>\t\t\t\t\t\t\t\t\t\t\t\t\t\t\t\t\t\t\t\t\t<\/a>\n\t\t\t\t\t\t\t\t\t<\/li>\n\t\t\t\t\t\t\t\t\t\t\t\t\t\t\t\t\t\t\t\t\t\t\t\t\t\t\t\t\t\t\t\t\t\t\t\t\t\t\t\t\t\t\t\t\t\t\t\t\t<li class=\"eael-team-member-social-link\">\n\t\t\t\t\t\t\t\t\t\t<a target=\"_blank\">\n\t\t\t\t\t\t\t\t\t\t\t\t\t\t\t\t\t\t\t\t\t\t\t<i aria-hidden=\"true\" class=\"fab fa-linkedin\"><\/i>\t\t\t\t\t\t\t\t\t\t\t\t\t\t\t\t\t\t\t\t\t<\/a>\n\t\t\t\t\t\t\t\t\t<\/li>\n\t\t\t\t\t\t\t\t\t\t\t\t\t\t\t\t\t\t\t\t\t\t\t\t\t\t\t\t\t\t\t\t\t\t\t\t\t\t\t\t\t\t\t\t\t\t\t\t\t<li class=\"eael-team-member-social-link\">\n\t\t\t\t\t\t\t\t\t\t<a target=\"_blank\">\n\t\t\t\t\t\t\t\t\t\t\t\t\t\t\t\t\t\t\t\t\t\t\t<i aria-hidden=\"true\" class=\"fab fa-facebook\"><\/i>\t\t\t\t\t\t\t\t\t\t\t\t\t\t\t\t\t\t\t\t\t<\/a>\n\t\t\t\t\t\t\t\t\t<\/li>\n\t\t\t\t\t\t\t\t\t\t\t\t\t\t\t\t\t\t\t\t\t\t\t\t\t\t\t\t\t\t\t\t\t\t\t\t\t\t\t\t\t\t\t\t\t\t\t\t\t<li class=\"eael-team-member-social-link\">\n\t\t\t\t\t\t\t\t\t\t<a target=\"_blank\">\n\t\t\t\t\t\t\t\t\t\t\t\t\t\t\t\t\t\t\t\t\t\t\t<i aria-hidden=\"true\" class=\"fab fa-twitter\"><\/i>\t\t\t\t\t\t\t\t\t\t\t\t\t\t\t\t\t\t\t\t\t<\/a>\n\t\t\t\t\t\t\t\t\t<\/li>\n\t\t\t\t\t\t\t\t\t\t\t\t\t\t\t\t\t\t\t\t\t<\/ul>\n\t\t\t\t\t\t\t\t\t\t<p class=\"eael-team-text\"><\/p>\n\t\t\t\t\t\t\t<\/div>\n\t\t<\/div>\n\t<\/div>\n\t\t\t<\/div>\n\t\t\t\t<\/div>\n\t\t\t\t<section data-particle_enable=\"false\" data-particle-mobile-disabled=\"false\" class=\"elementor-section elementor-inner-section elementor-element elementor-element-d2f7957 elementor-section-boxed elementor-section-height-default elementor-section-height-default\" data-id=\"d2f7957\" data-element_type=\"section\" data-settings=\"{&quot;jet_parallax_layout_list&quot;:[]}\">\n\t\t\t\t\t\t<div class=\"elementor-container elementor-column-gap-default\">\n\t\t\t\t\t<div class=\"elementor-column elementor-col-50 elementor-inner-column elementor-element elementor-element-85b068c\" data-id=\"85b068c\" data-element_type=\"column\">\n\t\t\t<div class=\"elementor-widget-wrap elementor-element-populated\">\n\t\t\t\t\t\t\t\t<div class=\"elementor-element elementor-element-affe0cc elementor-align-center elementor-widget elementor-widget-button\" data-id=\"affe0cc\" data-element_type=\"widget\" data-widget_type=\"button.default\">\n\t\t\t\t<div class=\"elementor-widget-container\">\n\t\t\t\t\t<div class=\"elementor-button-wrapper\">\n\t\t\t<a class=\"elementor-button elementor-button-link elementor-size-sm\" href=\"https:\/\/merac.es\/en\/author\/mercedes-nieto\/\">\n\t\t\t\t\t\t<span class=\"elementor-button-content-wrapper\">\n\t\t\t\t\t\t<span class=\"elementor-button-text\">Ver perfil de Mercedes Nieto<\/span>\n\t\t<\/span>\n\t\t\t\t\t<\/a>\n\t\t<\/div>\n\t\t\t\t<\/div>\n\t\t\t\t<\/div>\n\t\t\t\t\t<\/div>\n\t\t<\/div>\n\t\t\t\t<div class=\"elementor-column elementor-col-50 elementor-inner-column elementor-element elementor-element-4425ed0\" data-id=\"4425ed0\" data-element_type=\"column\">\n\t\t\t<div class=\"elementor-widget-wrap elementor-element-populated\">\n\t\t\t\t\t\t\t\t<div class=\"elementor-element elementor-element-f8dd0e7 elementor-align-center elementor-widget elementor-widget-button\" data-id=\"f8dd0e7\" data-element_type=\"widget\" data-widget_type=\"button.default\">\n\t\t\t\t<div class=\"elementor-widget-container\">\n\t\t\t\t\t<div class=\"elementor-button-wrapper\">\n\t\t\t<a class=\"elementor-button elementor-button-link elementor-size-sm\" href=\"#\">\n\t\t\t\t\t\t<span class=\"elementor-button-content-wrapper\">\n\t\t\t\t\t\t<span class=\"elementor-button-text\">Ver perfil de Carmen Gallardo<\/span>\n\t\t<\/span>\n\t\t\t\t\t<\/a>\n\t\t<\/div>\n\t\t\t\t<\/div>\n\t\t\t\t<\/div>\n\t\t\t\t\t<\/div>\n\t\t<\/div>\n\t\t\t\t\t\t\t<\/div>\n\t\t<\/section>\n\t\t\t\t\t<\/div>\n\t\t<\/div>\n\t\t\t\t<div class=\"elementor-column elementor-col-33 elementor-inner-column elementor-element elementor-element-0d239cb\" data-id=\"0d239cb\" data-element_type=\"column\">\n\t\t\t<div class=\"elementor-widget-wrap\">\n\t\t\t\t\t\t\t\t\t<\/div>\n\t\t<\/div>\n\t\t\t\t\t\t\t<\/div>\n\t\t<\/div>\n\t\t\t\t\t<\/div>\n\t\t<\/div>\n\t\t\t\t\t\t\t<\/div>\n\t\t<\/section>\n\t\t\t\t\t\t\t<\/div>","protected":false},"excerpt":{"rendered":"<p>Profesionales especializados para cada servicio Mercedes Nieto Responsable \u00c1rea Legal Mercedes Nieto es Abogada y Economista y socia del Departamento Mercantil e Inmobiliario de MERAC LEGAL &amp; TAX LAWYERS. Comienza su carrera profesional en el Departamento Mercantil de Garrigues y posteriormente se traslada a Qatar, para trabajar en una empresa constructora, hasta su incorporaci\u00f3n al [&hellip;]<\/p>","protected":false},"author":2,"featured_media":0,"parent":0,"menu_order":0,"comment_status":"closed","ping_status":"closed","template":"elementor_header_footer","meta":{"footnotes":""},"yoast_head":"<!-- This site is optimized with the Yoast SEO plugin v21.6 - https:\/\/yoast.com\/wordpress\/plugins\/seo\/ -->\n<title>El Equipo | MERAC Legal &amp; Tax Lawyers<\/title>\n<meta name=\"description\" content=\"Mercedes Nieto y Carmen Gallardo forman MERAC, un equipo de profesionales altamente especializados en formaci\u00f3n jur\u00eddica.\" \/>\n<meta name=\"robots\" content=\"index, follow, max-snippet:-1, max-image-preview:large, max-video-preview:-1\" \/>\n<link rel=\"canonical\" href=\"https:\/\/merac.es\/en\/equipo\/\" \/>\n<meta property=\"og:locale\" content=\"en_GB\" \/>\n<meta property=\"og:type\" content=\"article\" \/>\n<meta property=\"og:title\" content=\"El Equipo | MERAC Legal &amp; Tax Lawyers\" \/>\n<meta property=\"og:description\" content=\"Mercedes Nieto y Carmen Gallardo forman MERAC, un equipo de profesionales altamente especializados en formaci\u00f3n jur\u00eddica.\" \/>\n<meta property=\"og:url\" content=\"https:\/\/merac.es\/en\/equipo\/\" \/>\n<meta property=\"og:site_name\" content=\"MERAC Legal &amp; Tax Lawyers\" \/>\n<meta property=\"article:modified_time\" content=\"2025-07-24T08:10:20+00:00\" \/>\n<meta property=\"og:image\" content=\"https:\/\/merac.es\/wp-content\/uploads\/2022\/03\/MERCEDES-WEB.png\" \/>\n<meta name=\"twitter:card\" content=\"summary_large_image\" \/>\n<meta name=\"twitter:label1\" content=\"Estimated reading time\" \/>\n\t<meta name=\"twitter:data1\" content=\"3 minutes\" \/>\n<script type=\"application\/ld+json\" class=\"yoast-schema-graph\">{\"@context\":\"https:\/\/schema.org\",\"@graph\":[{\"@type\":\"WebPage\",\"@id\":\"https:\/\/merac.es\/equipo\/\",\"url\":\"https:\/\/merac.es\/equipo\/\",\"name\":\"El Equipo | MERAC Legal & Tax Lawyers\",\"isPartOf\":{\"@id\":\"https:\/\/merac.es\/#website\"},\"datePublished\":\"2022-03-22T09:44:53+00:00\",\"dateModified\":\"2025-07-24T08:10:20+00:00\",\"description\":\"Mercedes Nieto y Carmen Gallardo forman MERAC, un equipo de profesionales altamente especializados en formaci\u00f3n jur\u00eddica.\",\"breadcrumb\":{\"@id\":\"https:\/\/merac.es\/equipo\/#breadcrumb\"},\"inLanguage\":\"en-GB\",\"potentialAction\":[{\"@type\":\"ReadAction\",\"target\":[\"https:\/\/merac.es\/equipo\/\"]}]},{\"@type\":\"BreadcrumbList\",\"@id\":\"https:\/\/merac.es\/equipo\/#breadcrumb\",\"itemListElement\":[{\"@type\":\"ListItem\",\"position\":1,\"name\":\"Portada\",\"item\":\"https:\/\/merac.es\/\"},{\"@type\":\"ListItem\",\"position\":2,\"name\":\"El Equipo\"}]},{\"@type\":\"WebSite\",\"@id\":\"https:\/\/merac.es\/#website\",\"url\":\"https:\/\/merac.es\/\",\"name\":\"MERAC Legal &amp; Tax Lawyers\",\"description\":\"Abogados - Asesores tributarios y fiscales en M\u00e1laga\",\"publisher\":{\"@id\":\"https:\/\/merac.es\/#organization\"},\"potentialAction\":[{\"@type\":\"SearchAction\",\"target\":{\"@type\":\"EntryPoint\",\"urlTemplate\":\"https:\/\/merac.es\/?s={search_term_string}\"},\"query-input\":\"required name=search_term_string\"}],\"inLanguage\":\"en-GB\"},{\"@type\":\"Organization\",\"@id\":\"https:\/\/merac.es\/#organization\",\"name\":\"MERAC Legal &amp; Tax Lawyers\",\"url\":\"https:\/\/merac.es\/\",\"logo\":{\"@type\":\"ImageObject\",\"inLanguage\":\"en-GB\",\"@id\":\"https:\/\/merac.es\/#\/schema\/logo\/image\/\",\"url\":\"https:\/\/merac.es\/wp-content\/uploads\/2022\/03\/merac-logo-v2.svg\",\"contentUrl\":\"https:\/\/merac.es\/wp-content\/uploads\/2022\/03\/merac-logo-v2.svg\",\"width\":451.5,\"height\":315.1,\"caption\":\"MERAC Legal &amp; Tax Lawyers\"},\"image\":{\"@id\":\"https:\/\/merac.es\/#\/schema\/logo\/image\/\"}}]}<\/script>\n<!-- \/ Yoast SEO plugin. -->","yoast_head_json":{"title":"El Equipo | MERAC Legal & Tax Lawyers","description":"Mercedes Nieto y Carmen Gallardo forman MERAC, un equipo de profesionales altamente especializados en formaci\u00f3n jur\u00eddica.","robots":{"index":"index","follow":"follow","max-snippet":"max-snippet:-1","max-image-preview":"max-image-preview:large","max-video-preview":"max-video-preview:-1"},"canonical":"https:\/\/merac.es\/en\/equipo\/","og_locale":"en_GB","og_type":"article","og_title":"El Equipo | MERAC Legal & Tax Lawyers","og_description":"Mercedes Nieto y Carmen Gallardo forman MERAC, un equipo de profesionales altamente especializados en formaci\u00f3n jur\u00eddica.","og_url":"https:\/\/merac.es\/en\/equipo\/","og_site_name":"MERAC Legal &amp; Tax Lawyers","article_modified_time":"2025-07-24T08:10:20+00:00","og_image":[{"url":"https:\/\/merac.es\/wp-content\/uploads\/2022\/03\/MERCEDES-WEB.png"}],"twitter_card":"summary_large_image","twitter_misc":{"Estimated reading time":"3 minutes"},"schema":{"@context":"https:\/\/schema.org","@graph":[{"@type":"WebPage","@id":"https:\/\/merac.es\/equipo\/","url":"https:\/\/merac.es\/equipo\/","name":"El Equipo | MERAC Legal & Tax Lawyers","isPartOf":{"@id":"https:\/\/merac.es\/#website"},"datePublished":"2022-03-22T09:44:53+00:00","dateModified":"2025-07-24T08:10:20+00:00","description":"Mercedes Nieto y Carmen Gallardo forman MERAC, un equipo de profesionales altamente especializados en formaci\u00f3n jur\u00eddica.","breadcrumb":{"@id":"https:\/\/merac.es\/equipo\/#breadcrumb"},"inLanguage":"en-GB","potentialAction":[{"@type":"ReadAction","target":["https:\/\/merac.es\/equipo\/"]}]},{"@type":"BreadcrumbList","@id":"https:\/\/merac.es\/equipo\/#breadcrumb","itemListElement":[{"@type":"ListItem","position":1,"name":"Portada","item":"https:\/\/merac.es\/"},{"@type":"ListItem","position":2,"name":"El Equipo"}]},{"@type":"WebSite","@id":"https:\/\/merac.es\/#website","url":"https:\/\/merac.es\/","name":"MERAC Legal &amp; Tax Lawyers","description":"Abogados - Asesores tributarios y fiscales en M\u00e1laga","publisher":{"@id":"https:\/\/merac.es\/#organization"},"potentialAction":[{"@type":"SearchAction","target":{"@type":"EntryPoint","urlTemplate":"https:\/\/merac.es\/?s={search_term_string}"},"query-input":"required name=search_term_string"}],"inLanguage":"en-GB"},{"@type":"Organization","@id":"https:\/\/merac.es\/#organization","name":"MERAC Legal &amp; Tax Lawyers","url":"https:\/\/merac.es\/","logo":{"@type":"ImageObject","inLanguage":"en-GB","@id":"https:\/\/merac.es\/#\/schema\/logo\/image\/","url":"https:\/\/merac.es\/wp-content\/uploads\/2022\/03\/merac-logo-v2.svg","contentUrl":"https:\/\/merac.es\/wp-content\/uploads\/2022\/03\/merac-logo-v2.svg","width":451.5,"height":315.1,"caption":"MERAC Legal &amp; Tax Lawyers"},"image":{"@id":"https:\/\/merac.es\/#\/schema\/logo\/image\/"}}]}},"_links":{"self":[{"href":"https:\/\/merac.es\/en\/wp-json\/wp\/v2\/pages\/229"}],"collection":[{"href":"https:\/\/merac.es\/en\/wp-json\/wp\/v2\/pages"}],"about":[{"href":"https:\/\/merac.es\/en\/wp-json\/wp\/v2\/types\/page"}],"author":[{"embeddable":true,"href":"https:\/\/merac.es\/en\/wp-json\/wp\/v2\/users\/2"}],"replies":[{"embeddable":true,"href":"https:\/\/merac.es\/en\/wp-json\/wp\/v2\/comments?post=229"}],"version-history":[{"count":235,"href":"https:\/\/merac.es\/en\/wp-json\/wp\/v2\/pages\/229\/revisions"}],"predecessor-version":[{"id":8968,"href":"https:\/\/merac.es\/en\/wp-json\/wp\/v2\/pages\/229\/revisions\/8968"}],"wp:attachment":[{"href":"https:\/\/merac.es\/en\/wp-json\/wp\/v2\/media?parent=229"}],"curies":[{"name":"wp","href":"https:\/\/api.w.org\/{rel}","templated":true}]}}